{"id":85,"date":"2018-05-28T10:02:37","date_gmt":"2018-05-28T10:02:37","guid":{"rendered":"https:\/\/www.schullermalt.at\/?page_id=85"},"modified":"2018-05-28T11:40:16","modified_gmt":"2018-05-28T11:40:16","slug":"computersimulationen","status":"publish","type":"page","link":"https:\/\/www.schullermalt.at\/?page_id=85","title":{"rendered":"Computersimulationen"},"content":{"rendered":"<p>Die richtige Farbe oder Art der Zierelemente f\u00fcr seine Fassade auszuw\u00e4hlen, kann eine schwierige Entscheidung sein. Mittels Computersimulation ist es m\u00f6glich, Ihnen vorab zu zeigen, wie es sp\u00e4ter aussehen wird.<\/p>\n","protected":false},"excerpt":{"rendered":"<p>Die richtige Farbe oder Art der Zierelemente f\u00fcr seine Fassade auszuw\u00e4hlen, kann eine schwierige Entscheidung sein. Mittels Computersimulation ist es m\u00f6glich, Ihnen vorab zu zeigen, wie es sp\u00e4ter aussehen wird.<\/p>\n","protected":false},"author":1,"featured_media":111,"parent":10,"menu_order":0,"comment_status":"closed","ping_status":"closed","template":"","meta":{"inline_featured_image":false,"footnotes":""},"_links":{"self":[{"href":"https:\/\/www.schullermalt.at\/index.php?rest_route=\/wp\/v2\/pages\/85"}],"collection":[{"href":"https:\/\/www.schullermalt.at\/index.php?rest_route=\/wp\/v2\/pages"}],"about":[{"href":"https:\/\/www.schullermalt.at\/index.php?rest_route=\/wp\/v2\/types\/page"}],"author":[{"embeddable":true,"href":"https:\/\/www.schullermalt.at\/index.php?rest_route=\/wp\/v2\/users\/1"}],"replies":[{"embeddable":true,"href":"https:\/\/www.schullermalt.at\/index.php?rest_route=%2Fwp%2Fv2%2Fcomments&post=85"}],"version-history":[{"count":3,"href":"https:\/\/www.schullermalt.at\/index.php?rest_route=\/wp\/v2\/pages\/85\/revisions"}],"predecessor-version":[{"id":115,"href":"https:\/\/www.schullermalt.at\/index.php?rest_route=\/wp\/v2\/pages\/85\/revisions\/115"}],"up":[{"embeddable":true,"href":"https:\/\/www.schullermalt.at\/index.php?rest_route=\/wp\/v2\/pages\/10"}],"wp:featuredmedia":[{"embeddable":true,"href":"https:\/\/www.schullermalt.at\/index.php?rest_route=\/wp\/v2\/media\/111"}],"wp:attachment":[{"href":"https:\/\/www.schullermalt.at\/index.php?rest_route=%2Fwp%2Fv2%2Fmedia&parent=85"}],"curies":[{"name":"wp","href":"https:\/\/api.w.org\/{rel}","templated":true}]}}