{"id":81,"date":"2018-05-28T10:02:12","date_gmt":"2018-05-28T10:02:12","guid":{"rendered":"https:\/\/www.schullermalt.at\/?page_id=81"},"modified":"2018-05-28T11:39:39","modified_gmt":"2018-05-28T11:39:39","slug":"tapeten","status":"publish","type":"page","link":"https:\/\/www.schullermalt.at\/?page_id=81","title":{"rendered":"Tapeten"},"content":{"rendered":"<p>Tapeten kommen nie aus der Mode und mit ihnen kann man W\u00e4nde im wahrsten Sinne des Wortes neu einkleiden. Die Palette reicht dabei von schlichten Raufasertapeten \u00fcber Pr\u00e4getapeten bis hin zu Fototapeten.<\/p>\n","protected":false},"excerpt":{"rendered":"<p>Tapeten kommen nie aus der Mode und mit ihnen kann man W\u00e4nde im wahrsten Sinne des Wortes neu einkleiden. Die Palette reicht dabei von schlichten Raufasertapeten \u00fcber Pr\u00e4getapeten bis hin zu Fototapeten.<\/p>\n","protected":false},"author":1,"featured_media":106,"parent":10,"menu_order":0,"comment_status":"closed","ping_status":"closed","template":"","meta":{"inline_featured_image":false,"footnotes":""},"_links":{"self":[{"href":"https:\/\/www.schullermalt.at\/index.php?rest_route=\/wp\/v2\/pages\/81"}],"collection":[{"href":"https:\/\/www.schullermalt.at\/index.php?rest_route=\/wp\/v2\/pages"}],"about":[{"href":"https:\/\/www.schullermalt.at\/index.php?rest_route=\/wp\/v2\/types\/page"}],"author":[{"embeddable":true,"href":"https:\/\/www.schullermalt.at\/index.php?rest_route=\/wp\/v2\/users\/1"}],"replies":[{"embeddable":true,"href":"https:\/\/www.schullermalt.at\/index.php?rest_route=%2Fwp%2Fv2%2Fcomments&post=81"}],"version-history":[{"count":2,"href":"https:\/\/www.schullermalt.at\/index.php?rest_route=\/wp\/v2\/pages\/81\/revisions"}],"predecessor-version":[{"id":107,"href":"https:\/\/www.schullermalt.at\/index.php?rest_route=\/wp\/v2\/pages\/81\/revisions\/107"}],"up":[{"embeddable":true,"href":"https:\/\/www.schullermalt.at\/index.php?rest_route=\/wp\/v2\/pages\/10"}],"wp:featuredmedia":[{"embeddable":true,"href":"https:\/\/www.schullermalt.at\/index.php?rest_route=\/wp\/v2\/media\/106"}],"wp:attachment":[{"href":"https:\/\/www.schullermalt.at\/index.php?rest_route=%2Fwp%2Fv2%2Fmedia&parent=81"}],"curies":[{"name":"wp","href":"https:\/\/api.w.org\/{rel}","templated":true}]}}