{"id":64,"date":"2018-05-24T16:41:17","date_gmt":"2018-05-24T16:41:17","guid":{"rendered":"https:\/\/www.schullermalt.at\/?page_id=64"},"modified":"2018-05-28T11:17:47","modified_gmt":"2018-05-28T11:17:47","slug":"fassaden","status":"publish","type":"page","link":"https:\/\/www.schullermalt.at\/?page_id=64","title":{"rendered":"Fassaden"},"content":{"rendered":"<p>Mit dem passenden Fassadenanstrich verleihen wir Ihrem Geb\u00e4ude gleichzeitig Schutz und Sch\u00f6nheit. Auch zierende Elemente, wie Fensterzierrahmen oder grafische Elemente, lassen sich gekonnt mit einem Fassadenanstrich kombinieren. Auch M\u00e4ngel und kleine Sch\u00f6nheitsfehler k\u00f6nnen mit dem richtigen Anstrich beseitigt werden.<\/p>\n","protected":false},"excerpt":{"rendered":"<p>Mit dem passenden Fassadenanstrich verleihen wir Ihrem Geb\u00e4ude gleichzeitig Schutz und Sch\u00f6nheit. Auch zierende Elemente, wie Fensterzierrahmen oder grafische Elemente, lassen sich gekonnt mit einem Fassadenanstrich kombinieren. Auch M\u00e4ngel und kleine Sch\u00f6nheitsfehler k\u00f6nnen mit dem richtigen Anstrich beseitigt werden.<\/p>\n","protected":false},"author":1,"featured_media":97,"parent":10,"menu_order":0,"comment_status":"closed","ping_status":"closed","template":"","meta":{"inline_featured_image":false,"footnotes":""},"_links":{"self":[{"href":"https:\/\/www.schullermalt.at\/index.php?rest_route=\/wp\/v2\/pages\/64"}],"collection":[{"href":"https:\/\/www.schullermalt.at\/index.php?rest_route=\/wp\/v2\/pages"}],"about":[{"href":"https:\/\/www.schullermalt.at\/index.php?rest_route=\/wp\/v2\/types\/page"}],"author":[{"embeddable":true,"href":"https:\/\/www.schullermalt.at\/index.php?rest_route=\/wp\/v2\/users\/1"}],"replies":[{"embeddable":true,"href":"https:\/\/www.schullermalt.at\/index.php?rest_route=%2Fwp%2Fv2%2Fcomments&post=64"}],"version-history":[{"count":2,"href":"https:\/\/www.schullermalt.at\/index.php?rest_route=\/wp\/v2\/pages\/64\/revisions"}],"predecessor-version":[{"id":98,"href":"https:\/\/www.schullermalt.at\/index.php?rest_route=\/wp\/v2\/pages\/64\/revisions\/98"}],"up":[{"embeddable":true,"href":"https:\/\/www.schullermalt.at\/index.php?rest_route=\/wp\/v2\/pages\/10"}],"wp:featuredmedia":[{"embeddable":true,"href":"https:\/\/www.schullermalt.at\/index.php?rest_route=\/wp\/v2\/media\/97"}],"wp:attachment":[{"href":"https:\/\/www.schullermalt.at\/index.php?rest_route=%2Fwp%2Fv2%2Fmedia&parent=64"}],"curies":[{"name":"wp","href":"https:\/\/api.w.org\/{rel}","templated":true}]}}